{"id":4388,"date":"2024-02-22T13:52:47","date_gmt":"2024-02-22T13:52:47","guid":{"rendered":"https:\/\/hub4commerce.com\/privacy-policy\/"},"modified":"2025-07-22T12:39:39","modified_gmt":"2025-07-22T12:39:39","slug":"privacy-policy","status":"publish","type":"page","link":"https:\/\/hub4commerce.com\/en\/privacy-policy\/","title":{"rendered":"Privacy policy"},"content":{"rendered":"&#13;\n<h2 class=\"wp-block-heading\">Who are we?<\/h2>&#13;\n&#13;\n<div>Le site\u00a0<a href=\"https:\/\/hub4commerce.com\/en\/\" target=\"_blank\" rel=\"nofollow noreferrer noopener\">http:\/\/hub4commerce.com<\/a>\u00a0est publi\u00e9 par la soci\u00e9t\u00e9 de services informatiques Business Web Services SAS, voir nos mentions l\u00e9gales.<\/div>&#13;\n<div>Nous sommes une soci\u00e9t\u00e9 de service sp\u00e9cialis\u00e9e dans le d\u00e9veloppement PHP et plus particuli\u00e8rement dans l\u2019environnement du cms\u00a0\u00a0WordPress et Prestashop. Notre plateforme Hub4commerce facilite l\u2019interconnexion de votre site e-commerce avec votre \u00e9cosyst\u00e8me applicatif: CRM, outils de marketing Digital, ERP, logiciel comptable, \u2026\u00a0La synchronisation\u00a0de vos donn\u00e9es entre ces diff\u00e9rents syst\u00e8mes va facilement vous permettre d\u2019am\u00e9liorer la gestion de votre relation clients, de vos stocks, de vos commandes et de la logistique. Notre plateforme am\u00e9liore votre flexibilit\u00e9 en vous facilitant l\u2019\u00e9change de donn\u00e9es autour de votre site e-Commerce.<\/div>&#13;\n<div>\u00a0<\/div>&#13;\n&#13;\n<h2 class=\"wp-block-heading\"><strong>Use of personal data collected<\/strong><\/h2>&#13;\n&#13;\n<h3><strong>Formulaires de Contact<\/strong><\/h3>&#13;\n<div>Pour toute information \u00e0 propos de nos services d\u2019interconnexion e-commerce, tout utilisateur peut remplir le formulaire de contact. Ce formulaire recueille des donn\u00e9es telles que le nom, l&#8217;adresse e-mail et le message de l&#8217;utilisateur. Ces informations sont trait\u00e9es de mani\u00e8re confidentielle et ne sont utilis\u00e9es que dans le but de r\u00e9pondre aux demandes des utilisateurs et de leur fournir un service client\u00e8le efficace.<\/div>&#13;\n<div>Nous nous engageons \u00e0 prot\u00e9ger la confidentialit\u00e9 des donn\u00e9es personnelles fournies via ce formulaire et \u00e0 les utiliser uniquement dans le cadre des services que nous offrons.<\/div>&#13;\n<div>\u00a0<\/div>&#13;\n&#13;\n<h2 class=\"wp-block-heading\">Cookies<\/h2>&#13;\n&#13;\n<div>Lorsque vous consult\u00e9 notre site\u00a0 un cookie temporaire sera cr\u00e9\u00e9 afin de d\u00e9terminer si votre navigateur accepte les cookies. Il ne contient pas de donn\u00e9es personnelles et sera supprim\u00e9 automatiquement \u00e0 la fermeture de votre navigateur.<\/div>&#13;\n<div>Lorsque vous vous connecterez, nous mettrons en place un certain nombre de cookies pour enregistrer vos informations de connexion et vos pr\u00e9f\u00e9rences d\u2019\u00e9cran. La dur\u00e9e de vie d\u2019un cookie de connexion est de deux jours, celle d\u2019un cookie d\u2019option d\u2019\u00e9cran est d\u2019un an. Si vous cochez \u00ab\u00a0Se souvenir de moi\u00a0\u00bb, votre cookie de connexion sera conserv\u00e9 pendant deux semaines. Si vous vous d\u00e9connectez de votre compte, le cookie de connexion sera effac\u00e9.<\/div>&#13;\n<div>\u00a0<\/div>&#13;\n&#13;\n<h2 class=\"wp-block-heading\">Embedded content from other sites<\/h2>&#13;\n&#13;\n<div>Les articles de ce site peuvent inclure des contenus int\u00e9gr\u00e9s (par exemple des vid\u00e9os, images, articles\u2026). Le contenu int\u00e9gr\u00e9 depuis d\u2019autres sites se comporte de la m\u00eame mani\u00e8re que si le visiteur se rendait sur cet autre site.<\/div>&#13;\n<div>Ces sites web pourraient collecter des donn\u00e9es sur vous, utiliser des cookies, embarquer des outils de suivis tiers, suivre vos interactions avec ces contenus embarqu\u00e9s si vous disposez d\u2019un compte connect\u00e9 sur leur site web.<\/div>&#13;\n<div>\u00a0<\/div>&#13;\n&#13;\n<h2 class=\"wp-block-heading\">Statistics and audience measurement<\/h2>&#13;\n&#13;\n<div>Sur ce site, nous utilisons les services de statistiques et mesures d\u2019audience de la soci\u00e9t\u00e9 Google Analytic. A ce titre, des cookies de mesure d&#8217;audience nous permettent d&#8217;obtenir des statistiques\u00a0anonymes\u00a0de fr\u00e9quentation de notre site afin de l&#8217;optimiser et de d\u00e9tecter d&#8217;\u00e9ventuels dysfonctionnements.<\/div>&#13;\n<div>Si vous ne souhaitez pas que notre site et nos services enregistrent des cookies dans votre navigateur \u00e0 des fins de mesures d&#8217;audience, vous pouvez cliquer sur le lien suivant o\u00f9 vous trouverez des informations suppl\u00e9mentaires\u00a0:<\/div>&#13;\n<ul>&#13;\n<li>Cookies Google Analytics- t\u00e9l\u00e9chargement d&#8217;un utilitaire permettant \u00e0 votre navigateur de bloquer l&#8217;utilisation de Google Analytics sur les sites de votre choix.<br\/><a href=\"https:\/\/tools.google.com\/dlpage\/gaoptout\" target=\"_blank\" rel=\"nofollow noreferrer noopener\">https:\/\/tools.google.com\/dlpage\/gaoptout<\/a><\/li>&#13;\n<\/ul>&#13;\n&#13;\n<h2 class=\"wp-block-heading\"><strong>Administrator account management<\/strong><\/h2>&#13;\n<div>Pour intervenir sur les sites et serveurs d\u2019h\u00e9bergement de nos clients il nous arrive r\u00e9guli\u00e8rement de demander \u00e0 nos utilisateurs\u00a0des codes d\u2019acc\u00e8s \u00e0 l\u2019interface d\u2019administration :<\/div>&#13;\n<ul>&#13;\n<li>de leur site WordPress\/ Prestashop<\/li>&#13;\n<li>de leur h\u00e9bergeur<\/li>&#13;\n<li>de leur registrar<\/li>&#13;\n<li>de leur serveur d\u2019h\u00e9bergement<\/li>&#13;\n<li>\u2026<\/li>&#13;\n<\/ul>&#13;\n<div>Nous attirons l\u2019attention de nos utilisateurs qu\u2019il est fortement recommand\u00e9 d\u2019\u00e9viter de communiquer leur propres comptes mais de g\u00e9n\u00e9rer pour chacune de ces interfaces d\u2019administration des comptes sp\u00e9cifiques aux intervenants externes afin de les d\u00e9sactiver apr\u00e8s chaque intervention.<\/div>&#13;\n<div>Dans tous les cas, nous stockons ces informations lorsqu\u2019elles nous sont communiqu\u00e9es dans un syst\u00e8me chiffr\u00e9 externe accessible uniquement \u00e0 des intervenants habilit\u00e9s \u00e0 faire usage de ces comptes. Aucune diffusion en clair de ces informations n\u2019est donc faite.<\/div>&#13;\n&#13;\n<p>\u00a0<\/p>&#13;\n","protected":false},"excerpt":{"rendered":"<p>&#13; Who are we? &#13; &#13; Le site\u00a0http:\/\/hub4commerce.com\u00a0est publi\u00e9 par la soci\u00e9t\u00e9 de services informatiques Business Web Services SAS, voir nos mentions l\u00e9gales. &#13; Nous sommes une soci\u00e9t\u00e9 de service sp\u00e9cialis\u00e9e dans le d\u00e9veloppement PHP et plus particuli\u00e8rement dans l\u2019environnement du cms\u00a0\u00a0WordPress et Prestashop. Notre plateforme Hub4commerce facilite l\u2019interconnexion de votre site e-commerce avec votre&hellip;&nbsp;<\/p>\n<div class=\"read-more-wrapper\"><a href=\"https:\/\/hub4commerce.com\/en\/privacy-policy\/\" class=\"button button-secondary\" rel=\"bookmark\">Read More &raquo;<span class=\"screen-reader-text\">Privacy policy<\/span><\/a><\/div>\n","protected":false},"author":3,"featured_media":0,"parent":0,"menu_order":0,"comment_status":"closed","ping_status":"closed","template":"","meta":{"_acf_changed":false,"neve_meta_sidebar":"","neve_meta_container":"","neve_meta_enable_content_width":"off","neve_meta_content_width":100,"neve_meta_title_alignment":"","neve_meta_author_avatar":"","neve_post_elements_order":"","neve_meta_disable_header":"","neve_meta_disable_footer":"","neve_meta_disable_title":"","neve_meta_reading_time":"","footnotes":""},"class_list":["post-4388","page","type-page","status-publish","hentry"],"acf":[],"_links":{"self":[{"href":"https:\/\/hub4commerce.com\/en\/wp-json\/wp\/v2\/pages\/4388","targetHints":{"allow":["GET"]}}],"collection":[{"href":"https:\/\/hub4commerce.com\/en\/wp-json\/wp\/v2\/pages"}],"about":[{"href":"https:\/\/hub4commerce.com\/en\/wp-json\/wp\/v2\/types\/page"}],"author":[{"embeddable":true,"href":"https:\/\/hub4commerce.com\/en\/wp-json\/wp\/v2\/users\/3"}],"replies":[{"embeddable":true,"href":"https:\/\/hub4commerce.com\/en\/wp-json\/wp\/v2\/comments?post=4388"}],"version-history":[{"count":0,"href":"https:\/\/hub4commerce.com\/en\/wp-json\/wp\/v2\/pages\/4388\/revisions"}],"wp:attachment":[{"href":"https:\/\/hub4commerce.com\/en\/wp-json\/wp\/v2\/media?parent=4388"}],"curies":[{"name":"wp","href":"https:\/\/api.w.org\/{rel}","templated":true}]}}